{"id":2367,"date":"2021-09-17T17:11:12","date_gmt":"2021-09-17T20:11:12","guid":{"rendered":"https:\/\/martinvirgili.com.ar\/bio\/"},"modified":"2025-06-30T06:22:00","modified_gmt":"2025-06-30T09:22:00","slug":"bio","status":"publish","type":"page","link":"https:\/\/martinvirgili.com.ar\/en\/bio\/","title":{"rendered":"Bio"},"content":{"rendered":"<p class=\"p1\"><b>Mart\u00edn Virgili<\/b><\/p>\n<p class=\"p1\">Buenos Aires, 1976.<\/p>\n<p class=\"p1\">Bachelor of Arts &#8211; music orientation (UBA), Master in Sound Art (University of Barcelona) and Professor in Higher Education (UTN). Composer, guitarist, performer, teacher and researcher in the arts. He was awarded scholarships by the University of Paris 1 (Panth\u00e9on-Sorbonne), University of Helsinki, Duke University, CCK, National Fund for the Arts, the Telef\u00f3nica Foundation of Argentina, Cultural Center of Spain in Buenos Aires and Museum of Contemporary Art MAR.<\/p>\n<p class=\"p1\">Participated in the 19th and 18th International Architecture Exhibition &#8211; LA BIENNALE DI VENEZIA (Italy), 2025, 2023 and selected: Festival Chicharra (Spain) 2023, FLUXCLUB (Spain) 2023, 2022, Lacuna Festival (Spain) 2023, Festival Datscha Radio (Germany) 2023, Sur Aural (Bolivia) 2023, 2022, BIENALSUR 2021 (Argentina and others), Tsonami (Chile) 2020, Vigil for the Earth (Norway), 2018Festival Entre Vi\u00f1etas (Colombia) 2017, Festival Casa del Popolo (Canada) 2017 and Biennial of Independent Art (Switzerland) 2015.<\/p>\n<p class=\"p1\">His works fall within the scope of musical composition, Land art, sound poetry, sound experimentalism, literature and cinema. They have been performed in Argentina, Chile, Bolivia, Canada, Chile, Colombia, Czech Republic, Finland, Germany, Mexico, Norway, South Korea, Spain, Switzerland, United States and Venezuela.<\/p>\n<p class=\"p1\">He works in collaboration with researchers on art and science projects in the field of biology and physics. His projects The other wolves and Roar &#8211; Sense stand out.<\/p>\n<p class=\"p1\">He taught courses and seminars on musical aesthetics, composition and new forms of sound interpretation at: Duke University (North Carolina, USA); the Javeriana University, CORPAS University and the Superior Academy of Arts (Bogot\u00e1, Colombia); in ESMUC &#8211; Superior School of Music &#8211; (Barcelona, Spain); CNA &#8211; National Center of the Arts &#8211; and CMMAS &#8211; Mexican Center for Music and Sound Arts &#8211; (Mexico). In Argentina, he was director and lecturer at CEAMC &#8211; Advanced Studies in Contemporary Music &#8211; and taught courses and seminars at the National Technological University, the National University of Luj\u00e1n and the National University of the Arts.<\/p>\n<p class=\"p1\">He has worked in collaboration with artists and scientists from different disciplines, in artistic projects or related to the promotion of contemporary, experimental and avant-garde music, such as: Vincent Barras (Switzerland), Lloren\u00e7 Barber (Spain), Rodolfo Acosta (Colombia), Simon Steen &#8211; Andersen (Denmark), Ana Mar\u00eda Romano (Colombia), Joan Izquierdo (Spain), Adriana de Los Santos, Camila Ju\u00e1rez, Elsa Justel, Am\u00e9rica Sanchez, Mario Gem\u00edn, Guillermo Lema, Sebasti\u00e1n Bauer, Juli\u00e1n Teubal , Yamand\u00fa Rodr\u00edguez, Adriana Sasali, Gustavo Morales, Jorge Ihlenfeld, Gast\u00f3n Mazi\u00e8res, among others.<\/p>\n<p class=\"p1\">He is a lecturer at the Arts Doctorate programme at the National University of the Arts, in collaboration with researchers Alicia Romero and Marcelo Gim\u00e9nez. He has been a teacher of the Master&#8217;s Degree in Gender Studies at the National University of Luj\u00e1n.<\/p>\n<p class=\"p1\">He currently directs the Art and Science Center (CEAC) of the UTN (National Technological University) &#8211; Mar del Plata. Member of Ensemble Negra40, the orange music duo &#8211; along with his partner Pamela Guruciaga.<\/p>\n<p class=\"p1\">He is the director of the Unstable Orchestra of the Drawing Club, and he is a founding member of the interdisciplinary collective negra40.com<\/p>\n<p><a href=\"https:\/\/drive.google.com\/file\/d\/1kfUdSLxxqPLq2geu2n2KjLWno81kBYtV\/view?usp=sharing\" target=\"_blank\" rel=\"noopener\">Porfolio 2024<\/a><\/p>\n<p><a href=\"https:\/\/drive.google.com\/file\/d\/1R8mqU4x6eqYg7KVEC_spoX1OQK5jOCtp\/view?usp=drive_link\" target=\"_blank\" rel=\"noopener\">CV<\/a> (up 2025)<\/p>\n<p><strong>Press<\/strong><\/p>\n<p><a href=\"https:\/\/www.lacapitalmdp.com\/emotiva-representacion-de-la-singular-obra-san-antonino-en-el-puerto\/\">Emotional representation of the unique work &#8220;San Antonino&#8221; in the Port<\/a><br \/>\n<a href=\"https:\/\/www.lanacion.com.ar\/cultura\/32-autos-32-sonatas-el-museo-mar-volvio-a-la-actividad-con-un-homenaje-a-beethoven-nid12122020\/\">32 cars, 32 sonatas: the MAR museum returned to activity with a tribute to Beethoven<\/a><br \/>\n<a href=\"https:\/\/www.lacapitalmdp.com\/virgili-emulo-con-beethoven-el-natural-sonido-urbano-de-la-costa-marplatense\/\">Virgili emulated with Beethoven, the natural urban sound of the Mar del Plata coast<\/a><br \/>\n<a href=\"https:\/\/www.lacapitalmdp.com\/sonara-beethoven-desde-autos-ubicados-en-el-perimetro-del-museo-mar\/\">Beethoven will sound, from cars located on the perimeter of the MAR Museum<\/a><br \/>\n<a href=\"https:\/\/www.0223.com.ar\/nota\/2020-12-9-16-41-0-32-sonatas-de-beethoven-en-32-automoviles-la-nueva-experiencia-del-museo-mar\">32 Beethoven sonatas in 32 cars, the new experience of the MAR Museum<\/a><br \/>\n<a href=\"https:\/\/quedigital.com.ar\/cultura\/el-museo-mar-presentara-beethoven250-32-sonatas-en-32-autos\/\">The MAR Museum will present \u201cBeethoven250\u201d: 32 sonatas in 32 cars<\/a><br \/>\n<a href=\"https:\/\/www.lacapitalmdp.com\/lujo-meteroritos-una-campana-y-fauna-prehistorica-historias-de-acantilados\/\">Luxury, meteorites, a bell and prehistoric fauna: stories from Los Cliffs<\/a><\/p>\n","protected":false},"excerpt":{"rendered":"<p>Mart\u00edn Virgili Buenos Aires, 1976. Bachelor of Arts &#8211; music orientation (UBA), Master in Sound Art (University of Barcelona) and Professor in Higher Education (UTN). Composer, guitarist, performer, teacher and researcher in the arts. He was awarded scholarships by the University of Paris 1 (Panth\u00e9on-Sorbonne), University of Helsinki, Duke University, CCK, National Fund for the [&hellip;]<\/p>\n","protected":false},"author":1,"featured_media":2370,"parent":0,"menu_order":0,"comment_status":"closed","ping_status":"closed","template":"","meta":{"footnotes":""},"class_list":["post-2367","page","type-page","status-publish","has-post-thumbnail","hentry"],"acf":[],"yoast_head":"<!-- This site is optimized with the Yoast SEO plugin v27.2 - https:\/\/yoast.com\/product\/yoast-seo-wordpress\/ -->\n<title>Bio - Martin Virgili<\/title>\n<meta name=\"robots\" content=\"index, follow, max-snippet:-1, max-image-preview:large, max-video-preview:-1\" \/>\n<link rel=\"canonical\" href=\"https:\/\/martinvirgili.com.ar\/en\/bio\/\" \/>\n<meta property=\"og:locale\" content=\"en_US\" \/>\n<meta property=\"og:type\" content=\"article\" \/>\n<meta property=\"og:title\" content=\"Bio - Martin Virgili\" \/>\n<meta property=\"og:description\" content=\"Mart\u00edn Virgili Buenos Aires, 1976. Bachelor of Arts &#8211; music orientation (UBA), Master in Sound Art (University of Barcelona) and Professor in Higher Education (UTN). Composer, guitarist, performer, teacher and researcher in the arts. He was awarded scholarships by the University of Paris 1 (Panth\u00e9on-Sorbonne), University of Helsinki, Duke University, CCK, National Fund for the [&hellip;]\" \/>\n<meta property=\"og:url\" content=\"https:\/\/martinvirgili.com.ar\/en\/bio\/\" \/>\n<meta property=\"og:site_name\" content=\"Martin Virgili\" \/>\n<meta property=\"article:modified_time\" content=\"2025-06-30T09:22:00+00:00\" \/>\n<meta property=\"og:image\" content=\"https:\/\/martinvirgili.com.ar\/wp\/wp-content\/uploads\/2021\/04\/MartinVirgili_FotoBio_960x960.jpg\" \/>\n\t<meta property=\"og:image:width\" content=\"960\" \/>\n\t<meta property=\"og:image:height\" content=\"960\" \/>\n\t<meta property=\"og:image:type\" content=\"image\/jpeg\" \/>\n<meta name=\"twitter:card\" content=\"summary_large_image\" \/>\n<meta name=\"twitter:label1\" content=\"Est. reading time\" \/>\n\t<meta name=\"twitter:data1\" content=\"3 minutes\" \/>\n<script type=\"application\/ld+json\" class=\"yoast-schema-graph\">{\"@context\":\"https:\/\/schema.org\",\"@graph\":[{\"@type\":\"WebPage\",\"@id\":\"https:\/\/martinvirgili.com.ar\/en\/bio\/\",\"url\":\"https:\/\/martinvirgili.com.ar\/en\/bio\/\",\"name\":\"Bio - Martin Virgili\",\"isPartOf\":{\"@id\":\"https:\/\/martinvirgili.com.ar\/en\/#website\"},\"primaryImageOfPage\":{\"@id\":\"https:\/\/martinvirgili.com.ar\/en\/bio\/#primaryimage\"},\"image\":{\"@id\":\"https:\/\/martinvirgili.com.ar\/en\/bio\/#primaryimage\"},\"thumbnailUrl\":\"https:\/\/martinvirgili.com.ar\/wp\/wp-content\/uploads\/2021\/04\/MartinVirgili_FotoBio_960x960.jpg\",\"datePublished\":\"2021-09-17T20:11:12+00:00\",\"dateModified\":\"2025-06-30T09:22:00+00:00\",\"breadcrumb\":{\"@id\":\"https:\/\/martinvirgili.com.ar\/en\/bio\/#breadcrumb\"},\"inLanguage\":\"en-US\",\"potentialAction\":[{\"@type\":\"ReadAction\",\"target\":[\"https:\/\/martinvirgili.com.ar\/en\/bio\/\"]}]},{\"@type\":\"ImageObject\",\"inLanguage\":\"en-US\",\"@id\":\"https:\/\/martinvirgili.com.ar\/en\/bio\/#primaryimage\",\"url\":\"https:\/\/martinvirgili.com.ar\/wp\/wp-content\/uploads\/2021\/04\/MartinVirgili_FotoBio_960x960.jpg\",\"contentUrl\":\"https:\/\/martinvirgili.com.ar\/wp\/wp-content\/uploads\/2021\/04\/MartinVirgili_FotoBio_960x960.jpg\",\"width\":960,\"height\":960},{\"@type\":\"BreadcrumbList\",\"@id\":\"https:\/\/martinvirgili.com.ar\/en\/bio\/#breadcrumb\",\"itemListElement\":[{\"@type\":\"ListItem\",\"position\":1,\"name\":\"Inicio\",\"item\":\"https:\/\/martinvirgili.com.ar\/en\/\"},{\"@type\":\"ListItem\",\"position\":2,\"name\":\"Bio\"}]},{\"@type\":\"WebSite\",\"@id\":\"https:\/\/martinvirgili.com.ar\/en\/#website\",\"url\":\"https:\/\/martinvirgili.com.ar\/en\/\",\"name\":\"Martin Virgili\",\"description\":\"M\u00fasica, sonido, paisaje\",\"publisher\":{\"@id\":\"https:\/\/martinvirgili.com.ar\/en\/#organization\"},\"potentialAction\":[{\"@type\":\"SearchAction\",\"target\":{\"@type\":\"EntryPoint\",\"urlTemplate\":\"https:\/\/martinvirgili.com.ar\/en\/?s={search_term_string}\"},\"query-input\":{\"@type\":\"PropertyValueSpecification\",\"valueRequired\":true,\"valueName\":\"search_term_string\"}}],\"inLanguage\":\"en-US\"},{\"@type\":\"Organization\",\"@id\":\"https:\/\/martinvirgili.com.ar\/en\/#organization\",\"name\":\"Martin Virgili\",\"url\":\"https:\/\/martinvirgili.com.ar\/en\/\",\"logo\":{\"@type\":\"ImageObject\",\"inLanguage\":\"en-US\",\"@id\":\"https:\/\/martinvirgili.com.ar\/en\/#\/schema\/logo\/image\/\",\"url\":\"https:\/\/martinvirgili.com.ar\/wp\/wp-content\/uploads\/2021\/02\/MartinVirgili-ID_x320.png\",\"contentUrl\":\"https:\/\/martinvirgili.com.ar\/wp\/wp-content\/uploads\/2021\/02\/MartinVirgili-ID_x320.png\",\"width\":320,\"height\":63,\"caption\":\"Martin Virgili\"},\"image\":{\"@id\":\"https:\/\/martinvirgili.com.ar\/en\/#\/schema\/logo\/image\/\"}}]}<\/script>\n<!-- \/ Yoast SEO plugin. -->","yoast_head_json":{"title":"Bio - Martin Virgili","robots":{"index":"index","follow":"follow","max-snippet":"max-snippet:-1","max-image-preview":"max-image-preview:large","max-video-preview":"max-video-preview:-1"},"canonical":"https:\/\/martinvirgili.com.ar\/en\/bio\/","og_locale":"en_US","og_type":"article","og_title":"Bio - Martin Virgili","og_description":"Mart\u00edn Virgili Buenos Aires, 1976. Bachelor of Arts &#8211; music orientation (UBA), Master in Sound Art (University of Barcelona) and Professor in Higher Education (UTN). Composer, guitarist, performer, teacher and researcher in the arts. He was awarded scholarships by the University of Paris 1 (Panth\u00e9on-Sorbonne), University of Helsinki, Duke University, CCK, National Fund for the [&hellip;]","og_url":"https:\/\/martinvirgili.com.ar\/en\/bio\/","og_site_name":"Martin Virgili","article_modified_time":"2025-06-30T09:22:00+00:00","og_image":[{"width":960,"height":960,"url":"https:\/\/martinvirgili.com.ar\/wp\/wp-content\/uploads\/2021\/04\/MartinVirgili_FotoBio_960x960.jpg","type":"image\/jpeg"}],"twitter_card":"summary_large_image","twitter_misc":{"Est. reading time":"3 minutes"},"schema":{"@context":"https:\/\/schema.org","@graph":[{"@type":"WebPage","@id":"https:\/\/martinvirgili.com.ar\/en\/bio\/","url":"https:\/\/martinvirgili.com.ar\/en\/bio\/","name":"Bio - Martin Virgili","isPartOf":{"@id":"https:\/\/martinvirgili.com.ar\/en\/#website"},"primaryImageOfPage":{"@id":"https:\/\/martinvirgili.com.ar\/en\/bio\/#primaryimage"},"image":{"@id":"https:\/\/martinvirgili.com.ar\/en\/bio\/#primaryimage"},"thumbnailUrl":"https:\/\/martinvirgili.com.ar\/wp\/wp-content\/uploads\/2021\/04\/MartinVirgili_FotoBio_960x960.jpg","datePublished":"2021-09-17T20:11:12+00:00","dateModified":"2025-06-30T09:22:00+00:00","breadcrumb":{"@id":"https:\/\/martinvirgili.com.ar\/en\/bio\/#breadcrumb"},"inLanguage":"en-US","potentialAction":[{"@type":"ReadAction","target":["https:\/\/martinvirgili.com.ar\/en\/bio\/"]}]},{"@type":"ImageObject","inLanguage":"en-US","@id":"https:\/\/martinvirgili.com.ar\/en\/bio\/#primaryimage","url":"https:\/\/martinvirgili.com.ar\/wp\/wp-content\/uploads\/2021\/04\/MartinVirgili_FotoBio_960x960.jpg","contentUrl":"https:\/\/martinvirgili.com.ar\/wp\/wp-content\/uploads\/2021\/04\/MartinVirgili_FotoBio_960x960.jpg","width":960,"height":960},{"@type":"BreadcrumbList","@id":"https:\/\/martinvirgili.com.ar\/en\/bio\/#breadcrumb","itemListElement":[{"@type":"ListItem","position":1,"name":"Inicio","item":"https:\/\/martinvirgili.com.ar\/en\/"},{"@type":"ListItem","position":2,"name":"Bio"}]},{"@type":"WebSite","@id":"https:\/\/martinvirgili.com.ar\/en\/#website","url":"https:\/\/martinvirgili.com.ar\/en\/","name":"Martin Virgili","description":"M\u00fasica, sonido, paisaje","publisher":{"@id":"https:\/\/martinvirgili.com.ar\/en\/#organization"},"potentialAction":[{"@type":"SearchAction","target":{"@type":"EntryPoint","urlTemplate":"https:\/\/martinvirgili.com.ar\/en\/?s={search_term_string}"},"query-input":{"@type":"PropertyValueSpecification","valueRequired":true,"valueName":"search_term_string"}}],"inLanguage":"en-US"},{"@type":"Organization","@id":"https:\/\/martinvirgili.com.ar\/en\/#organization","name":"Martin Virgili","url":"https:\/\/martinvirgili.com.ar\/en\/","logo":{"@type":"ImageObject","inLanguage":"en-US","@id":"https:\/\/martinvirgili.com.ar\/en\/#\/schema\/logo\/image\/","url":"https:\/\/martinvirgili.com.ar\/wp\/wp-content\/uploads\/2021\/02\/MartinVirgili-ID_x320.png","contentUrl":"https:\/\/martinvirgili.com.ar\/wp\/wp-content\/uploads\/2021\/02\/MartinVirgili-ID_x320.png","width":320,"height":63,"caption":"Martin Virgili"},"image":{"@id":"https:\/\/martinvirgili.com.ar\/en\/#\/schema\/logo\/image\/"}}]}},"_links":{"self":[{"href":"https:\/\/martinvirgili.com.ar\/en\/wp-json\/wp\/v2\/pages\/2367","targetHints":{"allow":["GET"]}}],"collection":[{"href":"https:\/\/martinvirgili.com.ar\/en\/wp-json\/wp\/v2\/pages"}],"about":[{"href":"https:\/\/martinvirgili.com.ar\/en\/wp-json\/wp\/v2\/types\/page"}],"author":[{"embeddable":true,"href":"https:\/\/martinvirgili.com.ar\/en\/wp-json\/wp\/v2\/users\/1"}],"replies":[{"embeddable":true,"href":"https:\/\/martinvirgili.com.ar\/en\/wp-json\/wp\/v2\/comments?post=2367"}],"version-history":[{"count":2,"href":"https:\/\/martinvirgili.com.ar\/en\/wp-json\/wp\/v2\/pages\/2367\/revisions"}],"predecessor-version":[{"id":4673,"href":"https:\/\/martinvirgili.com.ar\/en\/wp-json\/wp\/v2\/pages\/2367\/revisions\/4673"}],"wp:featuredmedia":[{"embeddable":true,"href":"https:\/\/martinvirgili.com.ar\/en\/wp-json\/wp\/v2\/media\/2370"}],"wp:attachment":[{"href":"https:\/\/martinvirgili.com.ar\/en\/wp-json\/wp\/v2\/media?parent=2367"}],"curies":[{"name":"wp","href":"https:\/\/api.w.org\/{rel}","templated":true}]}}